{"id":3746,"date":"2021-01-22T07:24:26","date_gmt":"2021-01-22T07:24:26","guid":{"rendered":"https:\/\/cmhawellcentral.dev.symbicore.com\/?page_id=3746"},"modified":"2021-01-22T07:46:11","modified_gmt":"2021-01-22T07:46:11","slug":"disclaimer","status":"publish","type":"page","link":"https:\/\/cmhawellcentral.dev.symbicore.com\/fr\/disclaimer\/","title":{"rendered":"Avis de non-responsabilit\u00e9"},"content":{"rendered":"<div data-elementor-type=\"wp-page\" data-elementor-id=\"3746\" class=\"elementor elementor-3746\" data-elementor-settings=\"[]\">\n\t\t\t\t\t\t<div class=\"elementor-inner\">\n\t\t\t\t\t\t\t<div class=\"elementor-section-wrap\">\n\t\t\t\t\t\t\t<section data-particle_enable=\"false\" data-particle-mobile-disabled=\"false\" class=\"elementor-section elementor-top-section elementor-element elementor-element-cd93326 elementor-hidden-phone top_menu_stc elementor-section-boxed elementor-section-height-default elementor-section-height-default\" data-id=\"cd93326\" data-element_type=\"section\">\n\t\t\t\t\t\t<div class=\"elementor-container elementor-column-gap-default\">\n\t\t\t\t\t\t\t<div class=\"elementor-row\">\n\t\t\t\t\t<div class=\"elementor-column elementor-col-50 elementor-top-column elementor-element elementor-element-9de58af\" data-id=\"9de58af\" data-element_type=\"column\">\n\t\t\t<div class=\"elementor-column-wrap elementor-element-populated\">\n\t\t\t\t\t\t\t<div class=\"elementor-widget-wrap\">\n\t\t\t\t\t\t<section data-particle_enable=\"false\" data-particle-mobile-disabled=\"false\" class=\"elementor-section elementor-inner-section elementor-element elementor-element-623cd66 elementor-section-boxed elementor-section-height-default elementor-section-height-default\" data-id=\"623cd66\" data-element_type=\"section\">\n\t\t\t\t\t\t<div class=\"elementor-container elementor-column-gap-default\">\n\t\t\t\t\t\t\t<div class=\"elementor-row\">\n\t\t\t\t\t<div class=\"elementor-column elementor-col-100 elementor-inner-column elementor-element elementor-element-42f2c67\" data-id=\"42f2c67\" data-element_type=\"column\">\n\t\t\t<div class=\"elementor-column-wrap elementor-element-populated\">\n\t\t\t\t\t\t\t<div class=\"elementor-widget-wrap\">\n\t\t\t\t\t\t<div class=\"elementor-element elementor-element-31c33ac elementor-invisible elementor-widget elementor-widget-image\" data-id=\"31c33ac\" data-element_type=\"widget\" data-settings=\"{&quot;_animation&quot;:&quot;fadeInUp&quot;}\" data-widget_type=\"image.default\">\n\t\t\t\t<div class=\"elementor-widget-container\">\n\t\t\t\t\t<div class=\"elementor-image\">\n\t\t\t\t\t\t\t\t\t\t\t<a href=\"\/fr\/\">\n\t\t\t\t\t\t\t<img width=\"176\" height=\"49\" src=\"\/wp-content\/uploads\/2021\/04\/Well-Central-logo-french-green.png\" class=\"attachment-full size-full\" alt=\"\" loading=\"lazy\" \/>\t\t\t\t\t\t\t\t<\/a>\n\t\t\t\t\t\t\t\t\t\t\t<\/div>\n\t\t\t\t<\/div>\n\t\t\t\t<\/div>\n\t\t\t\t<div class=\"elementor-element elementor-element-aab4620 d-footer__menu-bullet elementor-invisible elementor-widget elementor-widget-wp-widget-nav_menu\" data-id=\"aab4620\" data-element_type=\"widget\" data-settings=\"{&quot;_animation&quot;:&quot;fadeInUp&quot;}\" data-widget_type=\"wp-widget-nav_menu.default\">\n\t\t\t\t<div class=\"elementor-widget-container\">\n\t\t\t<nav class=\"menu-main-container\" aria-label=\"Menu\"><ul id=\"menu-main\" class=\"menu\"><li id=\"menu-item-1358\" class=\"menu-item menu-item-type-custom menu-item-object-custom menu-item-1358\"><a href=\"\/fr\/\" class=\"menu-link\">\u00c0 PROPOS<\/a><\/li>\n<li id=\"menu-item-3304\" class=\"menu-item menu-item-type-custom menu-item-object-custom menu-item-3304\"><a href=\"https:\/\/cmhawellcentral.dev.symbicore.com\/fr\/#courses\" class=\"menu-link\">COURS<\/a><\/li>\n<li id=\"menu-item-3117\" class=\"menu-item menu-item-type-post_type menu-item-object-page menu-item-3117\"><a href=\"https:\/\/cmhawellcentral.dev.symbicore.com\/fr\/faqs\/\" class=\"menu-link\">FAQ<\/a><\/li>\n<li id=\"menu-item-3116\" class=\"menu-item menu-item-type-post_type menu-item-object-page menu-item-3116\"><a href=\"https:\/\/cmhawellcentral.dev.symbicore.com\/fr\/contact\/\" class=\"menu-link\">NOUS JOINDRE<\/a><\/li>\n<\/ul><\/nav>\t\t<\/div>\n\t\t\t\t<\/div>\n\t\t\t\t\t\t<\/div>\n\t\t\t\t\t<\/div>\n\t\t<\/div>\n\t\t\t\t\t\t\t\t<\/div>\n\t\t\t\t\t<\/div>\n\t\t<\/section>\n\t\t\t\t\t\t<\/div>\n\t\t\t\t\t<\/div>\n\t\t<\/div>\n\t\t\t\t<div class=\"elementor-column elementor-col-50 elementor-top-column elementor-element elementor-element-ca94a0a\" data-id=\"ca94a0a\" data-element_type=\"column\">\n\t\t\t<div class=\"elementor-column-wrap elementor-element-populated\">\n\t\t\t\t\t\t\t<div class=\"elementor-widget-wrap\">\n\t\t\t\t\t\t<div class=\"elementor-element elementor-element-b72fe11 elementor-invisible elementor-widget elementor-widget-heading\" data-id=\"b72fe11\" data-element_type=\"widget\" id=\"faq-ques1\" data-settings=\"{&quot;_animation&quot;:&quot;fadeInUp&quot;}\" data-widget_type=\"heading.default\">\n\t\t\t\t<div class=\"elementor-widget-container\">\n\t\t\t<h2 class=\"elementor-heading-title elementor-size-default\">Avertissement:<\/h2>\t\t<\/div>\n\t\t\t\t<\/div>\n\t\t\t\t<div class=\"elementor-element elementor-element-87f2618 elementor-invisible elementor-widget elementor-widget-text-editor\" data-id=\"87f2618\" data-element_type=\"widget\" data-settings=\"{&quot;_animation&quot;:&quot;fadeInUp&quot;}\" data-widget_type=\"text-editor.default\">\n\t\t\t\t<div class=\"elementor-widget-container\">\n\t\t\t\t\t<div class=\"elementor-text-editor elementor-clearfix\"><p>Ce site fournit uniquement des renseignements d\u2019ordre g\u00e9n\u00e9ral et peut refl\u00e9ter ou non la position de l\u2019Association canadienne pour la sant\u00e9 mentale (ACSM). Les renseignements fournis ne peuvent se substituer \u00e0 l\u2019avis d\u2019un professionnel de la sant\u00e9. Si vous sentez que vous avez besoin d\u2019un avis m\u00e9dical, consultez un professionnel de la sant\u00e9 qualifi\u00e9.<\/p><p>L\u2019ACSM s\u2019efforce d\u2019assurer que les renseignements sont exacts au moment de leur publication. Elle n\u2019offre aucune garantie quant \u00e0 la fiabilit\u00e9 des renseignements publi\u00e9s.<\/p><\/div>\n\t\t\t\t<\/div>\n\t\t\t\t<\/div>\n\t\t\t\t<div class=\"elementor-element elementor-element-d0bd54e elementor-invisible elementor-widget elementor-widget-image\" data-id=\"d0bd54e\" data-element_type=\"widget\" data-settings=\"{&quot;_animation&quot;:&quot;fadeInRight&quot;}\" data-widget_type=\"image.default\">\n\t\t\t\t<div class=\"elementor-widget-container\">\n\t\t\t\t\t<div class=\"elementor-image\">\n\t\t\t\t\t\t\t\t\t\t<img width=\"300\" height=\"248\" src=\"https:\/\/cmhawellcentral.dev.symbicore.com\/wp-content\/uploads\/2020\/06\/Illustration_site_11-1-300x248.png\" class=\"attachment-medium size-medium\" alt=\"\" loading=\"lazy\" srcset=\"https:\/\/cmhawellcentral.dev.symbicore.com\/wp-content\/uploads\/2020\/06\/Illustration_site_11-1-300x248.png 300w, https:\/\/cmhawellcentral.dev.symbicore.com\/wp-content\/uploads\/2020\/06\/Illustration_site_11-1.png 518w\" sizes=\"(max-width: 300px) 100vw, 300px\" \/>\t\t\t\t\t\t\t\t\t\t\t<\/div>\n\t\t\t\t<\/div>\n\t\t\t\t<\/div>\n\t\t\t\t\t\t<\/div>\n\t\t\t\t\t<\/div>\n\t\t<\/div>\n\t\t\t\t\t\t\t\t<\/div>\n\t\t\t\t\t<\/div>\n\t\t<\/section>\n\t\t\t\t<section data-particle_enable=\"false\" data-particle-mobile-disabled=\"false\" class=\"elementor-section elementor-top-section elementor-element elementor-element-b33cda6 elementor-section-full_width elementor-section-content-top elementor-hidden-tablet elementor-hidden-desktop elementor-section-height-default elementor-section-height-default\" data-id=\"b33cda6\" data-element_type=\"section\" data-settings=\"{&quot;background_background&quot;:&quot;classic&quot;}\">\n\t\t\t\t\t\t<div class=\"elementor-container elementor-column-gap-no\">\n\t\t\t\t\t\t\t<div class=\"elementor-row\">\n\t\t\t\t\t<div class=\"elementor-column elementor-col-100 elementor-top-column elementor-element elementor-element-4e8ff13\" data-id=\"4e8ff13\" data-element_type=\"column\">\n\t\t\t<div class=\"elementor-column-wrap elementor-element-populated\">\n\t\t\t\t\t\t\t<div class=\"elementor-widget-wrap\">\n\t\t\t\t\t\t<section data-particle_enable=\"false\" data-particle-mobile-disabled=\"false\" class=\"elementor-section elementor-inner-section elementor-element elementor-element-c129ac7 elementor-section-content-middle elementor-section-boxed elementor-section-height-default elementor-section-height-default\" data-id=\"c129ac7\" data-element_type=\"section\">\n\t\t\t\t\t\t<div class=\"elementor-container elementor-column-gap-no\">\n\t\t\t\t\t\t\t<div class=\"elementor-row\">\n\t\t\t\t\t<div class=\"elementor-column elementor-col-50 elementor-inner-column elementor-element elementor-element-b214de7\" data-id=\"b214de7\" data-element_type=\"column\">\n\t\t\t<div class=\"elementor-column-wrap elementor-element-populated\">\n\t\t\t\t\t\t\t<div class=\"elementor-widget-wrap\">\n\t\t\t\t\t\t<div class=\"elementor-element elementor-element-da04815 elementor-widget elementor-widget-image\" data-id=\"da04815\" data-element_type=\"widget\" data-widget_type=\"image.default\">\n\t\t\t\t<div class=\"elementor-widget-container\">\n\t\t\t\t\t<div class=\"elementor-image\">\n\t\t\t\t\t\t\t\t\t\t\t<a href=\"\/fr\/\">\n\t\t\t\t\t\t\t<img width=\"35\" height=\"33\" src=\"https:\/\/cmhawellcentral.dev.symbicore.com\/wp-content\/uploads\/2020\/05\/Well-Central_Logos_RGB-05-1-2.png\" class=\"attachment-full size-full\" alt=\"\" loading=\"lazy\" \/>\t\t\t\t\t\t\t\t<\/a>\n\t\t\t\t\t\t\t\t\t\t\t<\/div>\n\t\t\t\t<\/div>\n\t\t\t\t<\/div>\n\t\t\t\t\t\t<\/div>\n\t\t\t\t\t<\/div>\n\t\t<\/div>\n\t\t\t\t<div class=\"elementor-column elementor-col-50 elementor-inner-column elementor-element elementor-element-1a6cf0e\" data-id=\"1a6cf0e\" data-element_type=\"column\">\n\t\t\t<div class=\"elementor-column-wrap elementor-element-populated\">\n\t\t\t\t\t\t\t<div class=\"elementor-widget-wrap\">\n\t\t\t\t\t\t<div class=\"elementor-element elementor-element-b56adaa elementor-view-default elementor-widget elementor-widget-icon\" data-id=\"b56adaa\" data-element_type=\"widget\" data-widget_type=\"icon.default\">\n\t\t\t\t<div class=\"elementor-widget-container\">\n\t\t\t\t\t<div class=\"elementor-icon-wrapper\">\n\t\t\t<a class=\"elementor-icon\" href=\"#elementor-action%3Aaction%3Dpopup%3Aopen%26settings%3DeyJpZCI6IjI5NTYiLCJ0b2dnbGUiOmZhbHNlfQ%3D%3D\">\n\t\t\t<i aria-hidden=\"true\" class=\"fas fa-align-justify\"><\/i>\t\t\t<\/a>\n\t\t<\/div>\n\t\t\t\t<\/div>\n\t\t\t\t<\/div>\n\t\t\t\t\t\t<\/div>\n\t\t\t\t\t<\/div>\n\t\t<\/div>\n\t\t\t\t\t\t\t\t<\/div>\n\t\t\t\t\t<\/div>\n\t\t<\/section>\n\t\t\t\t\t\t<\/div>\n\t\t\t\t\t<\/div>\n\t\t<\/div>\n\t\t\t\t\t\t\t\t<\/div>\n\t\t\t\t\t<\/div>\n\t\t<\/section>\n\t\t\t\t<section data-particle_enable=\"false\" data-particle-mobile-disabled=\"false\" class=\"elementor-section elementor-top-section elementor-element elementor-element-37f3e4a stop-stiky elementor-hidden-desktop elementor-hidden-tablet elementor-hidden-phone elementor-section-boxed elementor-section-height-default elementor-section-height-default\" data-id=\"37f3e4a\" data-element_type=\"section\">\n\t\t\t\t\t\t<div class=\"elementor-container elementor-column-gap-default\">\n\t\t\t\t\t\t\t<div class=\"elementor-row\">\n\t\t\t\t\t<div class=\"elementor-column elementor-col-100 elementor-top-column elementor-element elementor-element-be335f5\" data-id=\"be335f5\" data-element_type=\"column\">\n\t\t\t<div class=\"elementor-column-wrap elementor-element-populated\">\n\t\t\t\t\t\t\t<div class=\"elementor-widget-wrap\">\n\t\t\t\t\t\t<section data-particle_enable=\"false\" data-particle-mobile-disabled=\"false\" class=\"elementor-section elementor-inner-section elementor-element elementor-element-23aa30d elementor-section-full_width elementor-section-height-default elementor-section-height-default\" data-id=\"23aa30d\" data-element_type=\"section\">\n\t\t\t\t\t\t<div class=\"elementor-container elementor-column-gap-default\">\n\t\t\t\t\t\t\t<div class=\"elementor-row\">\n\t\t\t\t\t<div class=\"elementor-column elementor-col-100 elementor-inner-column elementor-element elementor-element-ae54031\" data-id=\"ae54031\" data-element_type=\"column\">\n\t\t\t<div class=\"elementor-column-wrap elementor-element-populated\">\n\t\t\t\t\t\t\t<div class=\"elementor-widget-wrap\">\n\t\t\t\t\t\t<div class=\"elementor-element elementor-element-cf932e8 elementor-widget elementor-widget-image\" data-id=\"cf932e8\" data-element_type=\"widget\" data-settings=\"{&quot;_animation_mobile&quot;:&quot;fadeInUp&quot;}\" data-widget_type=\"image.default\">\n\t\t\t\t<div class=\"elementor-widget-container\">\n\t\t\t\t\t<div class=\"elementor-image\">\n\t\t\t\t\t\t\t\t\t\t<img width=\"145\" height=\"104\" src=\"https:\/\/cmhawellcentral.dev.symbicore.com\/wp-content\/uploads\/2020\/06\/Well-Central_Logos_RGB-09-1-1.png\" class=\"attachment-full size-full\" alt=\"\" loading=\"lazy\" \/>\t\t\t\t\t\t\t\t\t\t\t<\/div>\n\t\t\t\t<\/div>\n\t\t\t\t<\/div>\n\t\t\t\t\t\t<\/div>\n\t\t\t\t\t<\/div>\n\t\t<\/div>\n\t\t\t\t\t\t\t\t<\/div>\n\t\t\t\t\t<\/div>\n\t\t<\/section>\n\t\t\t\t<section data-particle_enable=\"false\" data-particle-mobile-disabled=\"false\" class=\"elementor-section elementor-inner-section elementor-element elementor-element-0d094ed elementor-section-full_width elementor-section-height-default elementor-section-height-default\" data-id=\"0d094ed\" data-element_type=\"section\">\n\t\t\t\t\t\t<div class=\"elementor-container elementor-column-gap-default\">\n\t\t\t\t\t\t\t<div class=\"elementor-row\">\n\t\t\t\t\t<div class=\"elementor-column elementor-col-100 elementor-inner-column elementor-element elementor-element-c4cd240\" data-id=\"c4cd240\" data-element_type=\"column\">\n\t\t\t<div class=\"elementor-column-wrap elementor-element-populated\">\n\t\t\t\t\t\t\t<div class=\"elementor-widget-wrap\">\n\t\t\t\t\t\t<div class=\"elementor-element elementor-element-0b381d8 d-footer__menu elementor-widget elementor-widget-wp-widget-nav_menu\" data-id=\"0b381d8\" data-element_type=\"widget\" data-settings=\"{&quot;_animation_mobile&quot;:&quot;fadeInUp&quot;}\" data-widget_type=\"wp-widget-nav_menu.default\">\n\t\t\t\t<div class=\"elementor-widget-container\">\n\t\t\t<nav class=\"menu-menu-footer-container\" aria-label=\"Menu\"><ul id=\"menu-menu-footer\" class=\"menu\"><li id=\"menu-item-1357\" class=\"menu-item menu-item-type-custom menu-item-object-custom menu-item-1357\"><a href=\"\/fr\/\" class=\"menu-link\">\u00c0 PROPOS<\/a><\/li>\n<li id=\"menu-item-2866\" class=\"menu-item menu-item-type-post_type menu-item-object-page menu-item-2866\"><a href=\"https:\/\/cmhawellcentral.dev.symbicore.com\/fr\/well-being-course\/\" class=\"menu-link\">COURS<\/a><\/li>\n<li id=\"menu-item-2867\" class=\"menu-item menu-item-type-post_type menu-item-object-page menu-item-2867\"><a href=\"https:\/\/cmhawellcentral.dev.symbicore.com\/fr\/faqs\/\" class=\"menu-link\">FAQ<\/a><\/li>\n<li id=\"menu-item-2946\" class=\"menu-item menu-item-type-post_type menu-item-object-page menu-item-2946\"><a href=\"https:\/\/cmhawellcentral.dev.symbicore.com\/fr\/contact\/\" class=\"menu-link\">NOUS JOINDRE<\/a><\/li>\n<\/ul><\/nav>\t\t<\/div>\n\t\t\t\t<\/div>\n\t\t\t\t\t\t<\/div>\n\t\t\t\t\t<\/div>\n\t\t<\/div>\n\t\t\t\t\t\t\t\t<\/div>\n\t\t\t\t\t<\/div>\n\t\t<\/section>\n\t\t\t\t\t\t<\/div>\n\t\t\t\t\t<\/div>\n\t\t<\/div>\n\t\t\t\t\t\t\t\t<\/div>\n\t\t\t\t\t<\/div>\n\t\t<\/section>\n\t\t\t\t<section data-particle_enable=\"false\" data-particle-mobile-disabled=\"false\" class=\"elementor-section elementor-top-section elementor-element elementor-element-c188349 elementor-section-boxed elementor-section-height-default elementor-section-height-default\" data-id=\"c188349\" data-element_type=\"section\">\n\t\t\t\t\t\t<div class=\"elementor-container elementor-column-gap-default\">\n\t\t\t\t\t\t\t<div class=\"elementor-row\">\n\t\t\t\t\t<div class=\"elementor-column elementor-col-100 elementor-top-column elementor-element elementor-element-3d2a230\" data-id=\"3d2a230\" data-element_type=\"column\">\n\t\t\t<div class=\"elementor-column-wrap elementor-element-populated\">\n\t\t\t\t\t\t\t<div class=\"elementor-widget-wrap\">\n\t\t\t\t\t\t<div class=\"elementor-element elementor-element-bad362a elementor-widget elementor-widget-html\" data-id=\"bad362a\" data-element_type=\"widget\" data-widget_type=\"html.default\">\n\t\t\t\t<div class=\"elementor-widget-container\">\n\t\t\t<style>\r\n.sticky {\r\nposition: fixed;\r\nleft: 250px;\r\nz-index: 101;\r\n}\r\n\r\n.stop {\r\nposition: relative;\r\nz-index: 101;\r\n}\r\n\/*@media (min-width: 1800px) {*\/\r\n\/*.sticky {*\/\r\n\/*position: fixed;*\/\r\n\/*left: 249px;*\/\r\n\/*z-index: 101;*\/\r\n\/*}*\/\r\n\/*}*\/\r\n\r\n@media (max-width: 1600px) {\r\n.sticky {\r\nposition: fixed;\r\nleft: 80px;\r\nz-index: 101;\r\n}\r\n}\r\n@media (max-width: 1024px) {\r\n.sticky {\r\nleft: 45px;\r\n}\r\n}\r\n<\/style>\r\n<script>\r\n\t(function() {\r\n\t\tvar a = document.querySelector('.qaf-stiky .elementor-widget-wrap'),\r\n\t\t\tb = null,\r\n\t\t\tP = 75; \/\/ \u0435\u0441\u043b\u0438 \u043d\u043e\u043b\u044c \u0437\u0430\u043c\u0435\u043d\u0438\u0442\u044c \u043d\u0430 \u0447\u0438\u0441\u043b\u043e, \u0442\u043e \u0431\u043b\u043e\u043a \u0431\u0443\u0434\u0435\u0442 \u043f\u0440\u0438\u043b\u0438\u043f\u0430\u0442\u044c \u0434\u043e \u0442\u043e\u0433\u043e, \u043a\u0430\u043a \u0432\u0435\u0440\u0445\u043d\u0438\u0439 \u043a\u0440\u0430\u0439 \u043e\u043a\u043d\u0430 \u0431\u0440\u0430\u0443\u0437\u0435\u0440\u0430 \u0434\u043e\u0439\u0434\u0451\u0442 \u0434\u043e \u0432\u0435\u0440\u0445\u043d\u0435\u0433\u043e \u043a\u0440\u0430\u044f \u044d\u043b\u0435\u043c\u0435\u043d\u0442\u0430. \u041c\u043e\u0436\u0435\u0442 \u0431\u044b\u0442\u044c \u043e\u0442\u0440\u0438\u0446\u0430\u0442\u0435\u043b\u044c\u043d\u044b\u043c \u0447\u0438\u0441\u043b\u043e\u043c\r\n\t\twindow.addEventListener('scroll', Ascroll, false);\r\n\t\tdocument.body.addEventListener('scroll', Ascroll, false);\r\n\r\n\t\tfunction Ascroll() {\r\n\t\t\tif (b == null) {\r\n\t\t\t\tvar Sa = getComputedStyle(a, ''),\r\n\t\t\t\t\ts = '';\r\n\t\t\t\tfor (var i = 0; i < Sa.length; i++) {\r\n\t\t\t\t\tif (Sa[i].indexOf('overflow') == 0 || Sa[i].indexOf('padding') == 0 || Sa[i].indexOf('border') == 0 || Sa[i].indexOf('outline') == 0 || Sa[i].indexOf('box-shadow') == 0 || Sa[i].indexOf('background') == 0) {\r\n\t\t\t\t\t\ts += Sa[i] + ': ' + Sa.getPropertyValue(Sa[i]) + '; '\r\n\t\t\t\t\t}\r\n\t\t\t\t}\r\n\t\t\t\tb = document.createElement('div');\r\n\t\t\t\tb.style.cssText = s + ' box-sizing: border-box; width: ' + a.offsetWidth + 'px;';\r\n\t\t\t\ta.insertBefore(b, a.firstChild);\r\n\t\t\t\tvar l = a.childNodes.length;\r\n\t\t\t\tfor (var i = 1; i < l; i++) {\r\n\t\t\t\t\tb.appendChild(a.childNodes[1]);\r\n\t\t\t\t}\r\n\t\t\t\ta.style.height = b.getBoundingClientRect().height + 'px';\r\n\t\t\t\ta.style.padding = '0';\r\n\t\t\t\ta.style.border = '0';\r\n\t\t\t}\r\n\t\t\tvar Ra = a.getBoundingClientRect(),\r\n\t\t\t\tR = Math.round(Ra.top + b.getBoundingClientRect().height - document.querySelector('.stop-stiky').getBoundingClientRect().top + 0); \/\/ \u0441\u0435\u043b\u0435\u043a\u0442\u043e\u0440 \u0431\u043b\u043e\u043a\u0430, \u043f\u0440\u0438 \u0434\u043e\u0441\u0442\u0438\u0436\u0435\u043d\u0438\u0438 \u0432\u0435\u0440\u0445\u043d\u0435\u0433\u043e \u043a\u0440\u0430\u044f \u043a\u043e\u0442\u043e\u0440\u043e\u0433\u043e \u043d\u0443\u0436\u043d\u043e \u043e\u0442\u043a\u0440\u0435\u043f\u0438\u0442\u044c \u043f\u0440\u0438\u043b\u0438\u043f\u0430\u044e\u0449\u0438\u0439 \u044d\u043b\u0435\u043c\u0435\u043d\u0442;  Math.round() \u0442\u043e\u043b\u044c\u043a\u043e \u0434\u043b\u044f IE; \u0435\u0441\u043b\u0438 \u043d\u043e\u043b\u044c \u0437\u0430\u043c\u0435\u043d\u0438\u0442\u044c \u043d\u0430 \u0447\u0438\u0441\u043b\u043e, \u0442\u043e \u0431\u043b\u043e\u043a \u0431\u0443\u0434\u0435\u0442 \u043f\u0440\u0438\u043b\u0438\u043f\u0430\u0442\u044c \u0434\u043e \u0442\u043e\u0433\u043e, \u043a\u0430\u043a \u043d\u0438\u0436\u043d\u0438\u0439 \u043a\u0440\u0430\u0439 \u044d\u043b\u0435\u043c\u0435\u043d\u0442\u0430 \u0434\u043e\u0439\u0434\u0451\u0442 \u0434\u043e \u0444\u0443\u0442\u0435\u0440\u0430\r\n\t\t\tif ((Ra.top - P) <= 0) {\r\n\t\t\t\tif ((Ra.top - P) <= R) {\r\n\t\t\t\t\tb.className = 'stop';\r\n\t\t\t\t\tb.style.top = -R + 'px';\r\n\t\t\t\t} else {\r\n\t\t\t\t\tb.className = 'sticky';\r\n\t\t\t\t\tb.style.top = P + 'px';\r\n\t\t\t\t}\r\n\t\t\t} else {\r\n\t\t\t\tb.className = '';\r\n\t\t\t\tb.style.top = '';\r\n\t\t\t}\r\n\t\t\twindow.addEventListener('resize', function() {\r\n\t\t\t\ta.children[0].style.width = getComputedStyle(a, '').width\r\n\t\t\t}, false);\r\n\t\t}\r\n\t})()\r\n<\/script>\t\t<\/div>\n\t\t\t\t<\/div>\n\t\t\t\t\t\t<\/div>\n\t\t\t\t\t<\/div>\n\t\t<\/div>\n\t\t\t\t\t\t\t\t<\/div>\n\t\t\t\t\t<\/div>\n\t\t<\/section>\n\t\t\t\t\t\t<\/div>\n\t\t\t\t\t\t<\/div>\n\t\t\t\t\t<\/div>","protected":false},"excerpt":{"rendered":"<p>Disclaimer: This site provides general information only and may or may not reflect the position of the Canadian Mental Health Association (CMHA). Information provided is not a substitute for professional advice. If you feel that you may need medical advice, please consult a qualified health care professional. CMHA makes every reasonable effort to ensure that &hellip;<\/p>\n<p class=\"read-more\"> <a class=\"\" href=\"https:\/\/cmhawellcentral.dev.symbicore.com\/fr\/disclaimer\/\"> <span class=\"screen-reader-text\">Avis de non-responsabilit\u00e9<\/span> Read More \u00bb<\/a><\/p>","protected":false},"author":1,"featured_media":823,"parent":0,"menu_order":0,"comment_status":"closed","ping_status":"closed","template":"elementor_header_footer","meta":[],"_links":{"self":[{"href":"https:\/\/cmhawellcentral.dev.symbicore.com\/fr\/wp-json\/wp\/v2\/pages\/3746"}],"collection":[{"href":"https:\/\/cmhawellcentral.dev.symbicore.com\/fr\/wp-json\/wp\/v2\/pages"}],"about":[{"href":"https:\/\/cmhawellcentral.dev.symbicore.com\/fr\/wp-json\/wp\/v2\/types\/page"}],"author":[{"embeddable":true,"href":"https:\/\/cmhawellcentral.dev.symbicore.com\/fr\/wp-json\/wp\/v2\/users\/1"}],"replies":[{"embeddable":true,"href":"https:\/\/cmhawellcentral.dev.symbicore.com\/fr\/wp-json\/wp\/v2\/comments?post=3746"}],"version-history":[{"count":22,"href":"https:\/\/cmhawellcentral.dev.symbicore.com\/fr\/wp-json\/wp\/v2\/pages\/3746\/revisions"}],"predecessor-version":[{"id":3770,"href":"https:\/\/cmhawellcentral.dev.symbicore.com\/fr\/wp-json\/wp\/v2\/pages\/3746\/revisions\/3770"}],"wp:featuredmedia":[{"embeddable":true,"href":"https:\/\/cmhawellcentral.dev.symbicore.com\/fr\/wp-json\/wp\/v2\/media\/823"}],"wp:attachment":[{"href":"https:\/\/cmhawellcentral.dev.symbicore.com\/fr\/wp-json\/wp\/v2\/media?parent=3746"}],"curies":[{"name":"wp","href":"https:\/\/api.w.org\/{rel}","templated":true}]}}